{"id":9,"date":"2012-08-25T08:50:33","date_gmt":"2012-08-25T06:50:33","guid":{"rendered":"http:\/\/okt6.noblogs.org\/?page_id=9"},"modified":"2012-08-25T09:41:08","modified_gmt":"2012-08-25T07:41:08","slug":"kontakt","status":"publish","type":"page","link":"https:\/\/okt6.noblogs.org\/?page_id=9","title":{"rendered":"Kontakt"},"content":{"rendered":"<p><strong>e-mail:<\/strong><\/p>\n<p>okt6[at]riseup.net<\/p>\n<p><strong>pgp-key:<\/strong><\/p>\n<pre>-----BEGIN PGP PUBLIC KEY BLOCK-----\r\nVersion: GnuPG v1.4.10 (GNU\/Linux)\r\n\r\nmQGiBFA4gPgRBACaDm6yRSNLENVJFRWDjSRJwr83T3t5TDXMpvYtYLFdh9JbnsQy\r\nHLufcJlNbkxzbnNoSGARisBc82JYHU7mvDYzDZrgBn4cQLtrpkkYLGEraIXKSO+U\r\nl8Jv9dXfYZjoZ6G1HHvs6oP0RATZ1lozF2vwHRulWjr82JrqlE2+qhDxawCgy5bK\r\n2EUcMtQyVh4DSGNA2OJ8qcED\/0V4PceplCr3UvmayUZOHb4hXUTBnbBe1UM8Bkti\r\ntMn8BDKsEuJxt30n72QDmQDNuhEE3aepaUORpjnsZOzXOTuTRzumGJSJ2HA\/pKuI\r\ntUcv82hFrc7p7MMIQnftz0CcOm\/re0Q1YDRy8LV4QW\/kAHWCBRzpWrABkNJV8yy7\r\n3jHvA\/9wxpG8FrRQjMSRE0EXP1uYswyF1n31S5DIUetVSLyODbb9v06YSbgl0vN3\r\nvNvsVl9V7DBlH0qrfmSxo7AvVFjYh++UvhAQkzShYcLPl1XVbnVATqMoSugXwDYW\r\nj5UldCQ26ll9JLW0uMM+S55BvmbbkwA9ejhCookvboRSIPFrkrQ8b2t0NnRlYW0g\r\nKEtlaW5lIFp1a3VuZnQgZGVyIFZlcmdhbmdlbmhlaXQpIDxva3Q2QHJpc2V1cC5u\r\nZXQ+iGIEExECACIFAlA4gPgCGyMGCwkIBwMCBhUIAgkKCwQWAgMBAh4BAheAAAoJ\r\nEFxoBNByZGbskngAoLl6bMyaE9VLGID8LFwiQGic1F43AKDBkV8wW5xv5hXmsVwr\r\njSeztM1\/S7kCDQRQOID4EAgA8L2DYzyBp8NFLQvhwafBVNpVY3Z6dvcCQ+gRH3If\r\nqTL1wIxW7UGqz50jlCQMPX7VUfeGGzDv9O8BaqQJKQCtCUonA3\/Xly85wB60CHbk\r\nLiKw5cnAWvv6hT3Ebnga+Ym5gS1sHSfqTnsfAhU32uw4CAJm4uFLr9nbfSryCyry\r\nGH1mS9c31KtWiFrSdPL2iyGRldY4ZaOMmV9OM+VUS96NIHIkuvSbkDiU2awTSn+z\r\nPd2ROZGZ4nnQSdDNJ6KYcTLkFL4dp+OwW90QByMV2clkQ1PpVTPQAUUGcffhzbHc\r\n4FKJv1zbIfEGyst5ZH\/ZPuBRhUx5F07Egrigu54xvmZ3OwADBgf\/XYGjh8FlwCkT\r\nywZYjWIoXClqH4ui4AoVfBssaNCAup\/PKT7BGVw0dbTr6PtXtj9M4WfKZjqcch8m\r\njT4ugaUZ+O8M9A2+EvyrpBZWvAD+Ef04wPr2RfFKDQ4uWXl9+mudWmcq9xwqgEmG\r\nPDSW9w9aXVSjHg0NGv6qNsLCRDwBf7p41IVdIbE3RSOIORhlipeagqWeTYsby2RI\r\n5hGUO0\/ZPUEPovMo6FpLFqHn9BRSdoliJtSadzlaSZ\/wTfmU9CWn4cmzQZx4DJDG\r\nog\/7uhWuRcHtAmzOGPs5aMuPnabSrYodWiy1SAjTdFNzqFUTYEKePGaP97sV7VsZ\r\nkwNFMW09\/IhJBBgRAgAJBQJQOID4AhsMAAoJEFxoBNByZGbsBaQAoI6LVSlawUlZ\r\nYvhw2LlRemF1yXXIAKCbeanVCKDo+mPdJkCl+pc7eXai5Q==\r\n=6X3f\r\n-----END PGP PUBLIC KEY BLOCK-----<\/pre>\n<p><strong>Disclaimer:<\/strong><\/p>\n<p><em><strong>Haftung f\u00fcr Inhalte<\/strong><\/em><\/p>\n<p>Die Inhalte unserer Seiten wurden mit gr\u00f6\u00dfter Sorgfalt erstellt. F\u00fcr die Richtigkeit, Vollst\u00e4ndigkeit und Aktualit\u00e4t der Inhalte k\u00f6nnen wir jedoch keine Gew\u00e4hr \u00fcbernehmen.<\/p>\n<p>Als Diensteanbieter sind wir gem\u00e4\u00df \u00a7 7 Abs.1 TMG f\u00fcr eigene Inhalte auf diesen Seiten nach den allgemeinen Gesetzen verantwortlich. Nach \u00a7\u00a7 8 bis 10 TMG sind wir als Diensteanbieter jedoch nicht verpflichtet, \u00fcbermittelte oder gespeicherte fremde Informationen zu \u00fcberwachen oder nach Umst\u00e4nden zu forschen, die auf eine rechtswidrige T\u00e4tigkeit hinweisen. Verpflichtungen zur Entfernung oder Sperrung der Nutzung von Informationen nach den allgemeinen Gesetzen bleiben hiervon unber\u00fchrt. Eine diesbez\u00fcgliche Haftung ist jedoch erst ab dem Zeitpunkt der Kenntnis einer konkreten Rechtsverletzung m\u00f6glich. Bei bekannt werden von entsprechenden Rechtsverletzungen werden wir diese Inhalte umgehend entfernen.<\/p>\n<p><em><strong>Haftung f\u00fcr Links<\/strong><\/em><\/p>\n<p>Unser Angebot enth\u00e4lt Links zu externen Webseiten Dritter, auf deren Inhalte wir keinen Einfluss haben. Deshalb k\u00f6nnen wir f\u00fcr diese fremden Inhalte auch keine Gew\u00e4hr \u00fcbernehmen. F\u00fcr die Inhalte der verlinkten Seiten ist stets der jeweilige Anbieter oder Betreiber der Seiten verantwortlich. Die verlinkten Seiten wurden zum Zeitpunkt der Verlinkung auf m\u00f6gliche Rechtsverst\u00f6\u00dfe \u00fcberpr\u00fcft. Rechtswidrige Inhalte waren zum Zeitpunkt der Verlinkung nicht erkennbar. Eine permanente inhaltliche Kontrolle der verlinkten Seiten ist jedoch ohne konkrete Anhaltspunkte einer Rechtsverletzung nicht zumutbar. Bei bekannt werden von Rechtsverletzungen werden wir derartige Links umgehend entfernen.<\/p>\n<p><em><strong>Urheberrecht<\/strong><\/em><\/p>\n<p>Die durch die Seitenbetreiber erstellten Inhalte und Werke auf diesen Seiten unterliegen dem deutschen Urheberrecht. Beitr\u00e4ge Dritter sind als solche gekennzeichnet. Die Vervielf\u00e4ltigung, Bearbeitung, Verbreitung und jede Art der Verwertung au\u00dferhalb der Grenzen des Urheberrechtes bed\u00fcrfen der schriftlichen Zustimmung des jeweiligen Autors bzw. Erstellers. Downloads und Kopien dieser Seite sind nur f\u00fcr den privaten, nicht kommerziellen Gebrauch gestattet.<\/p>\n<p>Die Betreiber der Seiten sind bem\u00fcht, stets die Urheberrechte anderer zu beachten bzw. auf selbst erstellte sowie lizenzfreie Werke zur\u00fcckzugreifen.<\/p>\n<p><em><strong>Datenschutz<\/strong><\/em><\/p>\n<p>Soweit auf unseren Seiten personenbezogene Daten (beispielsweise Name, Anschrift oder eMail-Adressen) erhoben werden, erfolgt dies soweit m\u00f6glich stets auf freiwilliger Basis. Die Nutzung der Angebote und Dienste ist, soweit m\u00f6glich, stets ohne Angabe personenbezogener Daten m\u00f6glich.<\/p>\n<p>Wir weisen darauf hin, dass die Daten\u00fcbertragung im Internet (z.B. bei der Kommunikation per E-Mail) Sicherheitsl\u00fccken aufweisen kann. Ein l\u00fcckenloser Schutz der Daten vor dem Zugriff durch Dritte ist nicht m\u00f6glich.<\/p>\n<p>Der Nutzung von im Rahmen der Impressumspflicht ver\u00f6ffentlichten Kontaktdaten durch Dritte zur \u00dcbersendung von nicht ausdr\u00fccklich angeforderter Werbung und Informationsmaterialien wird hiermit ausdr\u00fccklich widersprochen. Die Betreiber der Seiten behalten sich ausdr\u00fccklich rechtliche Schritte im Falle der unverlangten Zusendung von Werbeinformationen, etwa durch Spam-Mails, vor.<\/p>\n<p>Quelle: eRecht24.de \u2013 Internetrecht von Rechtsanwalt S\u00f6ren Siebert<\/p>\n","protected":false},"excerpt":{"rendered":"<p>e-mail: okt6[at]riseup.net pgp-key: &#8212;&#8211;BEGIN PGP PUBLIC KEY BLOCK&#8212;&#8211; Version: GnuPG v1.4.10 (GNU\/Linux) mQGiBFA4gPgRBACaDm6yRSNLENVJFRWDjSRJwr83T3t5TDXMpvYtYLFdh9JbnsQy HLufcJlNbkxzbnNoSGARisBc82JYHU7mvDYzDZrgBn4cQLtrpkkYLGEraIXKSO+U l8Jv9dXfYZjoZ6G1HHvs6oP0RATZ1lozF2vwHRulWjr82JrqlE2+qhDxawCgy5bK 2EUcMtQyVh4DSGNA2OJ8qcED\/0V4PceplCr3UvmayUZOHb4hXUTBnbBe1UM8Bkti tMn8BDKsEuJxt30n72QDmQDNuhEE3aepaUORpjnsZOzXOTuTRzumGJSJ2HA\/pKuI tUcv82hFrc7p7MMIQnftz0CcOm\/re0Q1YDRy8LV4QW\/kAHWCBRzpWrABkNJV8yy7 3jHvA\/9wxpG8FrRQjMSRE0EXP1uYswyF1n31S5DIUetVSLyODbb9v06YSbgl0vN3 vNvsVl9V7DBlH0qrfmSxo7AvVFjYh++UvhAQkzShYcLPl1XVbnVATqMoSugXwDYW j5UldCQ26ll9JLW0uMM+S55BvmbbkwA9ejhCookvboRSIPFrkrQ8b2t0NnRlYW0g KEtlaW5lIFp1a3VuZnQgZGVyIFZlcmdhbmdlbmhlaXQpIDxva3Q2QHJpc2V1cC5u ZXQ+iGIEExECACIFAlA4gPgCGyMGCwkIBwMCBhUIAgkKCwQWAgMBAh4BAheAAAoJ EFxoBNByZGbskngAoLl6bMyaE9VLGID8LFwiQGic1F43AKDBkV8wW5xv5hXmsVwr jSeztM1\/S7kCDQRQOID4EAgA8L2DYzyBp8NFLQvhwafBVNpVY3Z6dvcCQ+gRH3If qTL1wIxW7UGqz50jlCQMPX7VUfeGGzDv9O8BaqQJKQCtCUonA3\/Xly85wB60CHbk LiKw5cnAWvv6hT3Ebnga+Ym5gS1sHSfqTnsfAhU32uw4CAJm4uFLr9nbfSryCyry GH1mS9c31KtWiFrSdPL2iyGRldY4ZaOMmV9OM+VUS96NIHIkuvSbkDiU2awTSn+z Pd2ROZGZ4nnQSdDNJ6KYcTLkFL4dp+OwW90QByMV2clkQ1PpVTPQAUUGcffhzbHc 4FKJv1zbIfEGyst5ZH\/ZPuBRhUx5F07Egrigu54xvmZ3OwADBgf\/XYGjh8FlwCkT ywZYjWIoXClqH4ui4AoVfBssaNCAup\/PKT7BGVw0dbTr6PtXtj9M4WfKZjqcch8m jT4ugaUZ+O8M9A2+EvyrpBZWvAD+Ef04wPr2RfFKDQ4uWXl9+mudWmcq9xwqgEmG PDSW9w9aXVSjHg0NGv6qNsLCRDwBf7p41IVdIbE3RSOIORhlipeagqWeTYsby2RI 5hGUO0\/ZPUEPovMo6FpLFqHn9BRSdoliJtSadzlaSZ\/wTfmU9CWn4cmzQZx4DJDG og\/7uhWuRcHtAmzOGPs5aMuPnabSrYodWiy1SAjTdFNzqFUTYEKePGaP97sV7VsZ kwNFMW09\/IhJBBgRAgAJBQJQOID4AhsMAAoJEFxoBNByZGbsBaQAoI6LVSlawUlZ Yvhw2LlRemF1yXXIAKCbeanVCKDo+mPdJkCl+pc7eXai5Q== =6X3f &#8212;&#8211;END PGP &hellip; <a href=\"https:\/\/okt6.noblogs.org\/?page_id=9\">Weiterlesen <span class=\"meta-nav\">&rarr;<\/span><\/a><\/p>\n","protected":false},"author":1605,"featured_media":0,"parent":0,"menu_order":0,"comment_status":"closed","ping_status":"open","template":"","meta":{"footnotes":""},"class_list":["post-9","page","type-page","status-publish","hentry"],"_links":{"self":[{"href":"https:\/\/okt6.noblogs.org\/index.php?rest_route=\/wp\/v2\/pages\/9","targetHints":{"allow":["GET"]}}],"collection":[{"href":"https:\/\/okt6.noblogs.org\/index.php?rest_route=\/wp\/v2\/pages"}],"about":[{"href":"https:\/\/okt6.noblogs.org\/index.php?rest_route=\/wp\/v2\/types\/page"}],"author":[{"embeddable":true,"href":"https:\/\/okt6.noblogs.org\/index.php?rest_route=\/wp\/v2\/users\/1605"}],"replies":[{"embeddable":true,"href":"https:\/\/okt6.noblogs.org\/index.php?rest_route=%2Fwp%2Fv2%2Fcomments&post=9"}],"version-history":[{"count":2,"href":"https:\/\/okt6.noblogs.org\/index.php?rest_route=\/wp\/v2\/pages\/9\/revisions"}],"predecessor-version":[{"id":25,"href":"https:\/\/okt6.noblogs.org\/index.php?rest_route=\/wp\/v2\/pages\/9\/revisions\/25"}],"wp:attachment":[{"href":"https:\/\/okt6.noblogs.org\/index.php?rest_route=%2Fwp%2Fv2%2Fmedia&parent=9"}],"curies":[{"name":"wp","href":"https:\/\/api.w.org\/{rel}","templated":true}]}}