{"id":6,"date":"2012-08-25T08:48:07","date_gmt":"2012-08-25T06:48:07","guid":{"rendered":"http:\/\/okt6.noblogs.org\/?page_id=6"},"modified":"2012-08-25T08:53:35","modified_gmt":"2012-08-25T06:53:35","slug":"demo","status":"publish","type":"page","link":"https:\/\/okt6.noblogs.org\/?page_id=6","title":{"rendered":"Demo 1&#215;1"},"content":{"rendered":"<p><strong>Kurzes Demo 1\u00d71 der Schwarz-Roten Hilfe M\u00fcnster<br \/>\n<\/strong><\/p>\n<p><strong>Vor der Demo und der Aktion dran denken<\/strong><\/p>\n<ul>\n<li>Nimm deinen g\u00fcltigen Personalausweis, Pass, Visum und Aufenthaltspapiere mit.<\/li>\n<li>Nimm Kleingeld und Telefonkarte mit.<\/li>\n<li>Nimm Krankenkassenkarte bzw. \u2013schein und 10,- Euro f\u00fcr den Fall einer medizinische Behandlung mit.<\/li>\n<li>Nimm ein Erste-Hilfe-P\u00e4ckchen und f\u00fcr dich selbst notwendige Medikamente mit.<\/li>\n<li>Schreibe dir die aktuelle EA-Nummer auf.<\/li>\n<li>Nimm etwas zu schreiben mit.<\/li>\n<li>Miste deine Klamotten aus: nimm nur das mit, was du wirklich auf der Demo brauchst!<\/li>\n<li>Zur Information: das Mitnehmen und Tragen von Gegenst\u00e4nden, die den K\u00f6rper vor Gewalt sch\u00fctzen (Helme, Protektoren, etc.), die als Waffen und zur Vermummung dienen k\u00f6nnen, ist in Deutschland verboten. Sei also vorsichtig!<\/li>\n<li><strong>Drogen und Alkohol haben bei Demos nichts zu suchen; sie mitzunehmen und zu konsumieren gef\u00e4hrdet dich und andere!<\/strong><\/li>\n<li>Fotos, Kalender, Adress- und Telefonverzeichnisse zu Hause lassen.<br \/>\n* Alle Speicher im Handy unbedingt l\u00f6schen.<\/li>\n<li>Auf Kontaktlinsen und Fettcremes verzichten. Hier reichern sich Reizgase an.<\/li>\n<\/ul>\n<p><strong>Auf der Demo und bei der Aktion dran denken<\/strong><\/p>\n<ul>\n<li>\u00dcberlege dir, wor\u00fcber du auf der Demo sprichst; unter den TeilnehmerInnen sind immer auch Polizeispitzel.<\/li>\n<li>Keine Foto- und Videoaufnahmen von Personen und Aktionen machen.<\/li>\n<li>Nicht alleine auf Demos gehen; auch auf dem Hin- und R\u00fcckweg zusammen bleiben!<\/li>\n<li>Wenn die Polizei Leute mitnimmt: Name, Geburtsdatum, Meldeort und Staatsangeh\u00f6rigkeit notieren und an den EA melden.<\/li>\n<li>Private Sicherheitsdienste haben keine polizeilichen oder hoheitlichen Befugnisse. Sie d\u00fcrfen nur auf sie \u00fcbertragenes Hausrecht wahrnehmen. Ansonsten d\u00fcrfen sie nicht mehr als jede andere Person auch.<\/li>\n<\/ul>\n<p><strong>Wenn du mitgenommen wirst<\/strong><\/p>\n<ul>\n<li>Den Umstehenden Name, Geburtsdatum, Meldeort und Staatsangeh\u00f6rigkeit zurufen.<\/li>\n<li>Sage der Polizei nicht mehr von dir als: Name, Meldeadresse, Geburtsdatum, Geburtsort und Staatsangeh\u00f6rigkeit.<\/li>\n<li>Ansonsten Klappe halten!<\/li>\n<li>Keine Aussage machen! Es ist dein Recht zu schweigen. Bei der Polizei, im Gefangenentransporter und in der Zelle ist nicht die Zeit und der Ort zu reden! Damit belastest du weder dich noch andere!<\/li>\n<li>Unterschreibe nichts!<\/li>\n<li>Verlange von der Polizei den Grund deiner Festnahme.<\/li>\n<li>Versuche den EA anzurufen und ihn \u00fcber deinen und den Verbleib anderer zu informieren.<\/li>\n<li>Bei erkennungsdienstlicher Behandlung (ED = Fotos, Fingerabdr\u00fccke, Gewicht, K\u00f6rpermerkmale, etc.) und Entnahme einer DNA-Probe lege Widerspruch ein und lasse diesen protokollieren, auch wenn das die Ma\u00dfnahmen nicht verhindert. Der freiwilligen Entnahme einer DNA-Probe (Speichel, Haare, andere K\u00f6rperzellen) auf keinen Fall zustimmen. Nichts unterschreiben!<\/li>\n<li>Sp\u00e4testens am Ende des folgenden Tages musst du freigelassen oder einer Richterin bzw.einem Richter vorgef\u00fchrt werden.<\/li>\n<li>Wenn du den Eindruck hast, nicht schnell wieder freigelassen zu werden, sp\u00e4testens wenn du vor eine Richterin oder einen Richter gef\u00fchrt wirst, bestehe auf einem Anwalt oder einer Anw\u00e4ltin. Der EA kann dir Anw\u00e4ltinnen und Anw\u00e4lte vermitteln. Nimm Dein Recht zu schweigen auch vor einer Richterin oder einem Richter wahr: Keine Aussage machen!<\/li>\n<\/ul>\n<p><strong>Nach der Freilassung<\/strong><\/p>\n<ul>\n<li>Melde dich sofort beim EA. Auch wenn du dich vorher nicht dort gemeldet hast, hat das vielleicht jemand anderes getan.<\/li>\n<\/ul>\n<p>Ausf\u00fchrlichere und noch mehr Infos findet Ihr in der Brosch\u00fcre <a href=\"http:\/\/www.free.pages.at\/rechtshilfe\/erstehilfe.pdf\" rel=\"external\"><strong>\u201e\u2026wenn du nur nicht so eingefahren w\u00e4rst!\u201c<\/strong><\/a><\/p>\n","protected":false},"excerpt":{"rendered":"<p>Kurzes Demo 1\u00d71 der Schwarz-Roten Hilfe M\u00fcnster Vor der Demo und der Aktion dran denken Nimm deinen g\u00fcltigen Personalausweis, Pass, Visum und Aufenthaltspapiere mit. Nimm Kleingeld und Telefonkarte mit. Nimm Krankenkassenkarte bzw. \u2013schein und 10,- Euro f\u00fcr den Fall einer &hellip; <a href=\"https:\/\/okt6.noblogs.org\/?page_id=6\">Weiterlesen <span class=\"meta-nav\">&rarr;<\/span><\/a><\/p>\n","protected":false},"author":1605,"featured_media":0,"parent":11,"menu_order":0,"comment_status":"closed","ping_status":"open","template":"","meta":{"footnotes":""},"class_list":["post-6","page","type-page","status-publish","hentry"],"_links":{"self":[{"href":"https:\/\/okt6.noblogs.org\/index.php?rest_route=\/wp\/v2\/pages\/6","targetHints":{"allow":["GET"]}}],"collection":[{"href":"https:\/\/okt6.noblogs.org\/index.php?rest_route=\/wp\/v2\/pages"}],"about":[{"href":"https:\/\/okt6.noblogs.org\/index.php?rest_route=\/wp\/v2\/types\/page"}],"author":[{"embeddable":true,"href":"https:\/\/okt6.noblogs.org\/index.php?rest_route=\/wp\/v2\/users\/1605"}],"replies":[{"embeddable":true,"href":"https:\/\/okt6.noblogs.org\/index.php?rest_route=%2Fwp%2Fv2%2Fcomments&post=6"}],"version-history":[{"count":3,"href":"https:\/\/okt6.noblogs.org\/index.php?rest_route=\/wp\/v2\/pages\/6\/revisions"}],"predecessor-version":[{"id":13,"href":"https:\/\/okt6.noblogs.org\/index.php?rest_route=\/wp\/v2\/pages\/6\/revisions\/13"}],"up":[{"embeddable":true,"href":"https:\/\/okt6.noblogs.org\/index.php?rest_route=\/wp\/v2\/pages\/11"}],"wp:attachment":[{"href":"https:\/\/okt6.noblogs.org\/index.php?rest_route=%2Fwp%2Fv2%2Fmedia&parent=6"}],"curies":[{"name":"wp","href":"https:\/\/api.w.org\/{rel}","templated":true}]}}